{"id":42,"date":"2025-09-01T11:43:21","date_gmt":"2025-09-01T09:43:21","guid":{"rendered":"https:\/\/filipbeno423-lfowh.wordpress.com\/about\/"},"modified":"2025-12-29T08:31:11","modified_gmt":"2025-12-29T08:31:11","slug":"about","status":"publish","type":"page","link":"https:\/\/travimespolu.sk\/?page_id=42","title":{"rendered":"O NAS"},"content":{"rendered":"\t\t<div data-elementor-type=\"wp-page\" data-elementor-id=\"42\" class=\"elementor elementor-42\" data-elementor-post-type=\"page\">\n\t\t\t\t<div class=\"elementor-element elementor-element-1e0bd7e e-grid e-con-boxed e-con e-parent\" data-id=\"1e0bd7e\" data-element_type=\"container\" data-e-type=\"container\">\n\t\t\t\t\t<div class=\"e-con-inner\">\n\t\t\t\t<div class=\"elementor-element elementor-element-3a70fcf elementor-widget elementor-widget-heading\" data-id=\"3a70fcf\" data-element_type=\"widget\" data-e-type=\"widget\" data-widget_type=\"heading.default\">\n\t\t\t\t\t<h2 class=\"elementor-heading-title elementor-size-default\">Poradenstvo \u017eivotn\u00e9ho \u0161t\u00fdlu, stravy, psychickej rovnov\u00e1hy<\/h2>\t\t\t\t<\/div>\n\t\t\t\t<div class=\"elementor-element elementor-element-9fa6241 elementor-widget elementor-widget-text-editor\" data-id=\"9fa6241\" data-element_type=\"widget\" data-e-type=\"widget\" data-widget_type=\"text-editor.default\">\n\t\t\t\t\t\t\t\t\t<p data-start=\"219\" data-end=\"523\">Poradenstvo \u017eivotn\u00e9ho \u0161t\u00fdlu vn\u00edmam ako moje poslanie. Je to zdie\u013eanie poznatkov, sk\u00fasenost\u00ed aj osobn\u00fdch poznatkov s \u013eu\u010fmi, ktor\u00ed c\u00edtia, \u017ee sa vo svojom tele, em\u00f3ci\u00e1ch alebo my\u0161lienkach u\u017e nec\u00edtia dobre. \u010casto ide o vn\u00fatorn\u00fd sign\u00e1l, \u017ee nie\u010do prestalo fungova\u0165 tak, ako by malo. Oblast\u00ed ktor\u00fdch sa to t\u00fdka m\u00f4\u017ee by\u0165 viacero.<\/p>\n<p data-start=\"525\" data-end=\"558\">Naj\u010dastej\u0161ie sa dot\u00fdkame t\u00e9m ako je:<\/p>\n<ul data-start=\"559\" data-end=\"701\">\n<li data-start=\"559\" data-end=\"583\">\n<p data-start=\"561\" data-end=\"583\">pitn\u00fd re\u017eim a v\u00fd\u017eiva<\/p>\n<\/li><li data-start=\"559\" data-end=\"583\"><p data-start=\"561\" data-end=\"583\">\u010drevn\u00fd mikrobi\u00f3m<\/p><\/li>\n<li data-start=\"584\" data-end=\"615\">\n<p data-start=\"586\" data-end=\"615\">pohyb, regener\u00e1cia a sp\u00e1nok<\/p>\n<\/li>\n<li data-start=\"616\" data-end=\"650\">\n<p data-start=\"618\" data-end=\"650\">prevencia chronick\u00fdch ochoren\u00ed<\/p>\n<\/li>\n<li data-start=\"651\" data-end=\"701\">\n<p data-start=\"653\" data-end=\"701\">psychick\u00e1 rovnov\u00e1ha, vz\u0165ahy a pr\u00e1ca s em\u00f3ciami<\/p>\n<\/li>\n<\/ul>\n<p data-start=\"703\" data-end=\"1182\">Nech u\u017e maj\u00fa moje aktivity ak\u00fdko\u013evek n\u00e1zov, ich spolo\u010dn\u00fdm cie\u013eom je pom\u00f4c\u0165 v\u00e1m, n\u00e1js\u0165 smer, ktor\u00fdm m\u00f4\u017eete kr\u00e1\u010da\u0165 s v\u00e4\u010d\u0161ou istotou, pokojom a d\u00f4verou v seba. Smer, v ktorom budete postupne c\u00edti\u0165, \u017ee \u017eijete svoj vlastn\u00fd \u017eivot \u2013 zdrav\u00fd, vit\u00e1lny a pln\u00fd energie, tak ako to m\u00e1 by\u0165.<br data-start=\"978\" data-end=\"981\">Zdravie nie je n\u00e1hoda. Zdravie je v\u00fdsledkom nad\u0161enia, vedom\u00e9ho pr\u00edstupu a discipl\u00edny. Rovnako ako v ka\u017edej inej oblasti \u017eivota, aj tu sa k najlep\u0161\u00edm v\u00fdsledkom dost\u00e1vame len vtedy, ke\u010f pre to urob\u00edme maximum.<\/p>\n<p data-start=\"1184\" data-end=\"1561\">R\u00e1d sa s Vami podel\u00edm o svoje dlhoro\u010dn\u00e9 a bohat\u00e9 sk\u00fasenosti. Sta\u010d\u00ed sa p\u00fdta\u0165 \u2013 ot\u00e1zky s\u00fa toti\u017e za\u010diatkom skuto\u010dn\u00fdch odpoved\u00ed. Ver\u00edm, \u017ee sa stretneme v spr\u00e1vnom \u010dase na spr\u00e1vnom mieste, ide\u00e1lne e\u0161te sk\u00f4r, ne\u017e sa z prevencie stane nevyhnutnos\u0165.<\/p>\n<p data-start=\"1563\" data-end=\"1929\">Osveta prirodzen\u00fdch, zmyslupln\u00fdch a pre \u010dloveka prospe\u0161n\u00fdch n\u00e1vykov je dnes vz\u00e1cna. \u017dijeme v \u010dase, ke\u010f sa nenorm\u00e1lne \u010dasto vyd\u00e1va za norm\u00e1lne a orientova\u0165 sa v z\u00e1plave inform\u00e1ci\u00ed nie je jednoduch\u00e9. D\u00f4le\u017eit\u00e9 v\u0161ak nie je to, ko\u013eko inform\u00e1ci\u00ed m\u00e1te ani od koho poch\u00e1dzaj\u00fa, ale to, ako na ne reaguje va\u0161e telo. Pr\u00e1ve ono je t\u00fdm naj\u00faprimnej\u0161\u00edm ukazovate\u013eom spr\u00e1vnej cesty. Po\u010d\u00favajte svoje telo.<\/p>\n<p data-start=\"1563\" data-end=\"1929\">Tr\u00e1vime spolu &#8230;<\/p>\t\t\t\t\t\t\t\t<\/div>\n\t\t\t\t\t<\/div>\n\t\t\t\t<\/div>\n\t\t<div class=\"elementor-element elementor-element-b3d45aa e-flex e-con-boxed e-con e-parent\" data-id=\"b3d45aa\" data-element_type=\"container\" data-e-type=\"container\">\n\t\t\t\t\t<div class=\"e-con-inner\">\n\t\t\t\t<div class=\"elementor-element elementor-element-198f5a1 elementor-widget elementor-widget-image\" data-id=\"198f5a1\" data-element_type=\"widget\" data-e-type=\"widget\" data-widget_type=\"image.default\">\n\t\t\t\t\t\t\t\t\t\t\t\t\t\t\t<img fetchpriority=\"high\" decoding=\"async\" width=\"800\" height=\"726\" src=\"http:\/\/travimespolu.sk\/wp-content\/uploads\/2025\/12\/helping-4661809_1280-1024x929.jpg\" class=\"attachment-large size-large wp-image-162\" alt=\"\" srcset=\"http:\/\/travimespolu.sk\/wp-content\/uploads\/2025\/12\/helping-4661809_1280-1024x929.jpg 1024w, http:\/\/travimespolu.sk\/wp-content\/uploads\/2025\/12\/helping-4661809_1280-300x272.jpg 300w, http:\/\/travimespolu.sk\/wp-content\/uploads\/2025\/12\/helping-4661809_1280-768x697.jpg 768w, http:\/\/travimespolu.sk\/wp-content\/uploads\/2025\/12\/helping-4661809_1280.jpg 1280w\" sizes=\"(max-width: 800px) 100vw, 800px\" \/>\t\t\t\t\t\t\t\t\t\t\t\t\t\t\t<\/div>\n\t\t\t\t\t<\/div>\n\t\t\t\t<\/div>\n\t\t\t\t<\/div>\n\t\t","protected":false},"excerpt":{"rendered":"<p>Poradenstvo \u017eivotn\u00e9ho \u0161t\u00fdlu, stravy, psychickej rovnov\u00e1hy Poradenstvo \u017eivotn\u00e9ho \u0161t\u00fdlu vn\u00edmam ako moje poslanie. Je to zdie\u013eanie poznatkov, sk\u00fasenost\u00ed aj osobn\u00fdch poznatkov s \u013eu\u010fmi, ktor\u00ed c\u00edtia, \u017ee sa vo svojom tele, em\u00f3ci\u00e1ch alebo my\u0161lienkach u\u017e nec\u00edtia dobre. \u010casto ide o vn\u00fatorn\u00fd sign\u00e1l, \u017ee nie\u010do prestalo fungova\u0165 tak, ako by malo. Oblast\u00ed ktor\u00fdch sa to t\u00fdka m\u00f4\u017ee [&hellip;]<\/p>\n","protected":false},"author":1,"featured_media":0,"parent":0,"menu_order":1,"comment_status":"closed","ping_status":"closed","template":"","meta":{"footnotes":""},"class_list":["post-42","page","type-page","status-publish","hentry"],"_links":{"self":[{"href":"https:\/\/travimespolu.sk\/index.php?rest_route=\/wp\/v2\/pages\/42","targetHints":{"allow":["GET"]}}],"collection":[{"href":"https:\/\/travimespolu.sk\/index.php?rest_route=\/wp\/v2\/pages"}],"about":[{"href":"https:\/\/travimespolu.sk\/index.php?rest_route=\/wp\/v2\/types\/page"}],"author":[{"embeddable":true,"href":"https:\/\/travimespolu.sk\/index.php?rest_route=\/wp\/v2\/users\/1"}],"replies":[{"embeddable":true,"href":"https:\/\/travimespolu.sk\/index.php?rest_route=%2Fwp%2Fv2%2Fcomments&post=42"}],"version-history":[{"count":66,"href":"https:\/\/travimespolu.sk\/index.php?rest_route=\/wp\/v2\/pages\/42\/revisions"}],"predecessor-version":[{"id":629,"href":"https:\/\/travimespolu.sk\/index.php?rest_route=\/wp\/v2\/pages\/42\/revisions\/629"}],"wp:attachment":[{"href":"https:\/\/travimespolu.sk\/index.php?rest_route=%2Fwp%2Fv2%2Fmedia&parent=42"}],"curies":[{"name":"wp","href":"https:\/\/api.w.org\/{rel}","templated":true}]}}