{"id":160,"date":"2025-12-12T12:24:27","date_gmt":"2025-12-12T11:24:27","guid":{"rendered":"https:\/\/filipbeno423-lfowh.wordpress.com\/travime-spolu\/"},"modified":"2026-02-27T11:59:50","modified_gmt":"2026-02-27T11:59:50","slug":"travime-spolu","status":"publish","type":"page","link":"https:\/\/travimespolu.sk\/?page_id=160","title":{"rendered":"TR\u00c1VIME SPOLU &#8230;"},"content":{"rendered":"\t\t<div data-elementor-type=\"wp-page\" data-elementor-id=\"160\" class=\"elementor elementor-160\" data-elementor-post-type=\"page\">\n\t\t\t\t<div class=\"elementor-element elementor-element-b9fab22 e-flex e-con-boxed e-con e-parent\" data-id=\"b9fab22\" data-element_type=\"container\" data-e-type=\"container\">\n\t\t\t\t\t<div class=\"e-con-inner\">\n\t\t\t\t<div class=\"elementor-element elementor-element-b913ce6 elementor-widget elementor-widget-heading\" data-id=\"b913ce6\" data-element_type=\"widget\" data-e-type=\"widget\" data-widget_type=\"heading.default\">\n\t\t\t\t\t<h2 class=\"elementor-heading-title elementor-size-default\">Nie\u010do o \u00fa\u017easnom v\u00fd\u017eivovom doplnku ColonBene<br><\/h2>\t\t\t\t<\/div>\n\t\t\t\t\t<\/div>\n\t\t\t\t<\/div>\n\t\t<div class=\"elementor-element elementor-element-2310d6f e-flex e-con-boxed e-con e-parent\" data-id=\"2310d6f\" data-element_type=\"container\" data-e-type=\"container\">\n\t\t\t\t\t<div class=\"e-con-inner\">\n\t\t\t\t<div class=\"elementor-element elementor-element-4f9ff31 elementor-widget elementor-widget-text-editor\" data-id=\"4f9ff31\" data-element_type=\"widget\" data-e-type=\"widget\" data-widget_type=\"text-editor.default\">\n\t\t\t\t\t\t\t\t\t<p><strong>&nbsp;<\/strong><\/p>\n<p><strong>ColonBene<\/strong>&nbsp;<span style=\"font-family: Arial, Tahoma, Helvetica, sans-serif; text-align: justify; font-size: medium;\">je \u010disto pr\u00edrodn\u00fd posil\u0148uj\u00faci zdrav\u00fd n\u00e1poj, vyroben\u00fd zo z\u00e1saditej vody, iba z byl\u00edn, bez chemik\u00e1li\u00ed, bez pr\u00eddavn\u00fdch l\u00e1tok a bez konzervantov.&nbsp;<\/span><\/p>\n<p><span style=\"font-family: Arial, Tahoma, Helvetica, sans-serif; text-align: justify; font-size: medium;\"><strong>&nbsp;Ve\u013emi vhodn\u00fd n\u00e1poj aj pre zdrav\u00fdch ako prevencia.&nbsp; &nbsp; &nbsp; &nbsp; &nbsp; &nbsp; &nbsp; &nbsp; &nbsp; &nbsp; &nbsp; &nbsp; &nbsp; &nbsp; &nbsp; &nbsp; &nbsp; &nbsp; &nbsp; &nbsp; &nbsp; &nbsp; &nbsp; &nbsp; &nbsp; &nbsp; &nbsp; &nbsp; &nbsp; &nbsp; &nbsp; &nbsp; &nbsp; &nbsp; &nbsp; &nbsp; &nbsp; &nbsp; &nbsp; &nbsp; &nbsp; &nbsp; &nbsp; &nbsp; &nbsp; &nbsp; &nbsp; &nbsp; &nbsp; &nbsp; &nbsp; &nbsp; &nbsp; &nbsp; &nbsp; &nbsp; &nbsp; &nbsp; &nbsp; &nbsp; &nbsp; &nbsp; &nbsp; &nbsp; &nbsp; &nbsp; &nbsp; &nbsp; &nbsp; &nbsp; &nbsp; &nbsp; &nbsp; &nbsp; &nbsp; &nbsp; &nbsp;<\/strong><\/span><\/p>\n<p><span style=\"font-family: Arial, Tahoma, Helvetica, sans-serif; text-align: justify; font-size: medium;\"><strong>Ve\u013emi \u00fa\u010dinn\u00e1 detoxik\u00e1cia organizmu.<\/strong>&nbsp; &nbsp; &nbsp; &nbsp; &nbsp; &nbsp; &nbsp; &nbsp; &nbsp; &nbsp; &nbsp; &nbsp; &nbsp; &nbsp; &nbsp; &nbsp; &nbsp; &nbsp; &nbsp; &nbsp; &nbsp; &nbsp; &nbsp; &nbsp; &nbsp; &nbsp; &nbsp; &nbsp; &nbsp; &nbsp; &nbsp; &nbsp; &nbsp; &nbsp; &nbsp; &nbsp; &nbsp; &nbsp; &nbsp; &nbsp; &nbsp; &nbsp; &nbsp; &nbsp; &nbsp; &nbsp; &nbsp; &nbsp; &nbsp; &nbsp; &nbsp; &nbsp; &nbsp; &nbsp; &nbsp; &nbsp; &nbsp; &nbsp; &nbsp; &nbsp; &nbsp; &nbsp; &nbsp; &nbsp; &nbsp; &nbsp; &nbsp; &nbsp; &nbsp; &nbsp; &nbsp; &nbsp; &nbsp; &nbsp; &nbsp; &nbsp; &nbsp; &nbsp; &nbsp; &nbsp; &nbsp; &nbsp; &nbsp; &nbsp; &nbsp; &nbsp; &nbsp;<\/span><\/p>\n<p><span style=\"font-family: Arial, Tahoma, Helvetica, sans-serif; text-align: justify; font-size: medium;\"><strong>V\u00fdrazn\u00e9 zv\u00fd\u0161enie imunity a obranyschopnosti organizmu.&nbsp;<\/strong><\/span><\/p>\n<p><strong style=\"font-size: medium; font-family: Arial, Tahoma, Helvetica, sans-serif; text-align: justify;\">ColonBene<\/strong><span style=\"font-size: medium; font-family: Arial, Tahoma, Helvetica, sans-serif; text-align: justify;\">&nbsp;p\u00f4sob\u00ed \u00fa\u010dinne a prevent\u00edvne, vhodn\u00e9 pre spr\u00e1vnu funkciu cel\u00e9ho tr\u00e1viaceho \u00fastrojenstva \u013eudsk\u00e9ho organizmu. Napom\u00e1ha hrub\u00e9mu \u010drevu pri&nbsp; peristaltickom pos\u00favan\u00ed potravy.<\/span><\/p>\n<p><strong style=\"font-family: Arial, Tahoma, Helvetica, sans-serif; font-size: medium; text-align: justify;\">ColonBene<\/strong><span style=\"font-family: Arial, Tahoma, Helvetica, sans-serif; font-size: medium; text-align: justify;\">&nbsp;vhodn\u00e9 na regener\u00e1ciu a posilnenie slizn\u00edc tr\u00e1viaceho \u00fastrojenstva aj u zdrav\u00fdch \u013eud\u00ed. P\u00f4sob\u00ed proti z\u00e1pche, u\u013eah\u010duje l\u00e1tkov\u00fa v\u00fdmenu. M\u00e1 vplyv na pravideln\u00fa a zdrav\u00fa &nbsp;stolicu.<\/span><\/p>\n<p><strong style=\"font-family: Arial, Tahoma, Helvetica, sans-serif; font-size: medium; text-align: justify;\">ColonBene<\/strong><span style=\"font-family: Arial, Tahoma, Helvetica, sans-serif; font-size: medium; text-align: justify;\">&nbsp;m\u00e1 pozit\u00edvne \u00fa\u010dinky pri ak\u00fatnych stavoch, hna\u010dk\u00e1ch, z\u00e1palov\u00fdch a vredov\u00fdch chorob\u00e1ch sliznice tr\u00e1viaceho \u00fastrojenstva (&nbsp;<\/span><strong style=\"font-family: Arial, Tahoma, Helvetica, sans-serif; font-size: medium; text-align: justify;\">pa\u017eer\u00e1k, \u017eal\u00fadok, pankreas, tenk\u00e9 a hrub\u00e9 \u010drevo \u2026<\/strong><span style=\"font-family: Arial, Tahoma, Helvetica, sans-serif; font-size: medium; text-align: justify;\">&nbsp;)<\/span><\/p>\n<p><strong style=\"font-family: Arial, Tahoma, Helvetica, sans-serif; font-size: medium; text-align: justify;\">ColonBene<\/strong><span style=\"font-family: Arial, Tahoma, Helvetica, sans-serif; font-size: medium; text-align: justify;\">&nbsp;je ve\u013emi vhodn\u00e9 pri probl\u00e9moch sp\u00f4soben\u00fdch&nbsp;<\/span><strong style=\"font-family: Arial, Tahoma, Helvetica, sans-serif; font-size: medium; text-align: justify;\"><span style=\"text-decoration-line: underline;\">Ulcer\u00f3znou kolit\u00eddou<\/span><\/strong><span style=\"font-family: Arial, Tahoma, Helvetica, sans-serif; font-size: medium; text-align: justify;\">&nbsp;a&nbsp;<\/span><strong style=\"font-family: Arial, Tahoma, Helvetica, sans-serif; font-size: medium; text-align: justify;\"><span style=\"text-decoration-line: underline;\">Crohnovou chorobou<\/span><\/strong><span style=\"font-family: Arial, Tahoma, Helvetica, sans-serif; font-size: medium; text-align: justify;\">, ktor\u00e9 m\u00f4\u017eu vies\u0165 a\u017e rakovine.<\/span><\/p>\n<p><strong style=\"font-family: Arial, Tahoma, Helvetica, sans-serif; font-size: medium; text-align: justify;\">ColonBene<\/strong><span style=\"font-family: Arial, Tahoma, Helvetica, sans-serif; font-size: medium; text-align: justify;\">&nbsp;tie\u017e vhodn\u00e9 aj pre celiatikov, pri syndr\u00f3me dr\u00e1\u017ediv\u00e9ho \u010dreva, pri intolerancii na lepok a&nbsp;na lakt\u00f3zu.<\/span><\/p>\n<p><strong style=\"font-family: Arial, Tahoma, Helvetica, sans-serif; font-size: medium; text-align: justify;\">ColonBene<\/strong><span style=\"font-family: Arial, Tahoma, Helvetica, sans-serif; font-size: medium; text-align: justify;\">&nbsp;pre r\u00fdchly \u00fa\u010dinok je ve\u013emi vhodn\u00e9 pri hna\u010dke, z\u00e1pche, pri pocitoch nafukovania, p\u00e1lenia z\u00e1hy a&nbsp;podr\u00e1\u017eden\u00ed \u017eal\u00fadka.<\/span><\/p>\n<p><strong style=\"font-family: Arial, Tahoma, Helvetica, sans-serif; font-size: medium; text-align: justify;\">ColonBene<\/strong><span style=\"font-family: Arial, Tahoma, Helvetica, sans-serif; font-size: medium; text-align: justify;\">&nbsp;p\u00f4sob\u00ed ako ve\u013emi \u00fa\u010dinn\u00e9 prebiotikum.<\/span><\/p>\n<p><span style=\"font-family: Arial, Tahoma, Helvetica, sans-serif; font-size: medium; text-align: justify;\">Vyzna\u010duje sa vysok\u00fdm obsahom vitam\u00ednov B1, B2, B3, B5, B6, vitam\u00ednu E. \u010ealej obsahom v\u00e1pnika, \u017eeleza, mang\u00e1nu, hor\u010d\u00edku, fosforu, drasl\u00edku, sel\u00e9nu a&nbsp; zinku.<\/span><\/p>\n<p><strong style=\"font-size: medium; font-family: Arial, Tahoma, Helvetica, sans-serif; text-align: justify;\"><span style=\"text-decoration-line: underline;\">ColonBene<\/span><\/strong><span style=\"font-size: medium; font-family: Arial, Tahoma, Helvetica, sans-serif; text-align: justify; text-decoration-line: underline;\">&nbsp;<\/span><span style=\"font-size: medium; font-family: Arial, Tahoma, Helvetica, sans-serif; text-align: justify; text-decoration-line: underline;\">obsahuje tuk, konkr\u00e9tne omega 3 mastn\u00e9 kyseliny<\/span><span style=\"font-size: medium; font-family: Arial, Tahoma, Helvetica, sans-serif; text-align: justify;\">, ktor\u00e9 sa vyskytuj\u00fa hlavne v rybom tuku, maj\u00fa priazniv\u00fd vplyv na metabolizmus tukov&nbsp; &nbsp; &nbsp; &nbsp; &nbsp; &nbsp; &nbsp; <\/span><span style=\"font-size: medium; font-family: Arial, Tahoma, Helvetica, sans-serif; text-align: justify;\">(zni\u017euj\u00fa LDL cholesterol).<\/span><span style=\"font-size: medium; font-family: Arial, Tahoma, Helvetica, sans-serif; text-align: justify;\">&nbsp;<\/span><\/p>\n<p><span style=\"font-size: medium; font-family: Arial, Tahoma, Helvetica, sans-serif; text-align: justify;\">Okrem prospe\u0161n\u00fdch omega 3 mastn\u00fdch kysel\u00edn obsahuje&nbsp;<\/span><strong style=\"font-size: medium; font-family: Arial, Tahoma, Helvetica, sans-serif; text-align: justify;\">ColonBene<\/strong><span style=\"font-size: medium; font-family: Arial, Tahoma, Helvetica, sans-serif; text-align: justify;\">&nbsp;tie\u017e koncentr\u00e1ciu fytoestrog\u00e9nov &#8211; lig\u0148anov, \u010do s\u00fa rastlinn\u00e9 estrog\u00e9ny, ktor\u00e9 sa v na\u0161om organizme spr\u00e1vaj\u00fa podobne ako estrog\u00e9ny \u013eudsk\u00e9.<\/span><span style=\"font-family: Arial, Tahoma, Helvetica, sans-serif; font-size: medium; text-align: justify;\">&nbsp;&nbsp;<\/span><\/p>\n<p><span style=\"font-family: Arial, Tahoma, Helvetica, sans-serif; font-size: medium; text-align: justify;\">Pitie &nbsp;<\/span><strong style=\"font-family: Arial, Tahoma, Helvetica, sans-serif; font-size: medium; text-align: justify;\">ColonBene<\/strong><span style=\"font-family: Arial, Tahoma, Helvetica, sans-serif; font-size: medium; text-align: justify;\">&nbsp;je vhodn\u00e9 aj pre&nbsp;<\/span><strong style=\"font-family: Arial, Tahoma, Helvetica, sans-serif; font-size: medium; text-align: justify;\">tehotn\u00e9<\/strong><span style=\"font-family: Arial, Tahoma, Helvetica, sans-serif; font-size: medium; text-align: justify;\">&nbsp;a <\/span><strong style=\"font-family: Arial, Tahoma, Helvetica, sans-serif; font-size: medium; text-align: justify;\">doj\u010diace<\/strong><span style=\"font-family: Arial, Tahoma, Helvetica, sans-serif; font-size: medium; text-align: justify;\">&nbsp;\u017eeny a deti od&nbsp;<\/span><strong style=\"font-family: Arial, Tahoma, Helvetica, sans-serif; font-size: medium; text-align: justify;\">3<\/strong><span style=\"font-family: Arial, Tahoma, Helvetica, sans-serif; font-size: medium; text-align: justify;\">&nbsp;rokov.<\/span><\/p>\n<p><strong style=\"font-family: Arial, Tahoma, Helvetica, sans-serif; font-size: medium; text-align: justify;\">ColonBene<\/strong><span style=\"font-family: Arial, Tahoma, Helvetica, sans-serif; font-size: medium; text-align: justify;\">&nbsp;m\u00e1 antioxida\u010dn\u00e9, protiz\u00e1palov\u00e9, protiv\u00edrusov\u00e9, antibakteri\u00e1lne a protiplies\u0148ov\u00e9 \u00fa\u010dinky. Pom\u00e1ha pri stavoch ako je astma a artrit\u00edda. Prispieva k zni\u017eovaniu hladiny cholesterolu v krvi, upravuje krvn\u00fd tlak, stabilizuje hladinu cukru v krvi, odv\u00e1dza nadbyto\u010dn\u00fd tuk z tkan\u00edv, upravuje metabolizmus a podporuje chudnutie.<\/span><\/p>\n<p><strong style=\"font-family: Arial, Tahoma, Helvetica, sans-serif; font-size: medium; text-align: justify;\">ColonBene<\/strong><span style=\"font-family: Arial, Tahoma, Helvetica, sans-serif; font-size: medium; text-align: justify;\">&nbsp; prevent\u00edvne p\u00f4sob\u00ed proti rakovine, i proti rakovine p\u0155s a zmier\u0148uje n\u00e1valy tepla pri menopauze. Plusom naviac je udr\u017eiavanie mladistvej pleti.<\/span><\/p>\n<p><strong style=\"font-family: Arial, Tahoma, Helvetica, sans-serif; font-size: medium; text-align: justify;\">ColonBene<\/strong><span style=\"font-family: Arial, Tahoma, Helvetica, sans-serif; font-size: medium; text-align: justify;\">&nbsp;a jeho priazniv\u00e9 \u00fa\u010dinky rastlinn\u00fdch olejov, vitam\u00ednov, stopov\u00fdch prvkov a pr\u00edrodn\u00fdch prote\u00ednov. Extrakty z&nbsp;kvetov harman\u010deka a lipy, listov rep\u00edka&nbsp; a medovky, rastlinn\u00e9 bielkoviny, kyselina olejov\u00e1, stearov\u00e1, palmitov\u00e1, myristov\u00e1, linol\u00e9nov\u00e1 a linolov\u00e1, galakt\u00f3za, arabin\u00f3za, xyl\u00f3za a ramn\u00f3za.<\/span><\/p>\n<p><strong style=\"font-family: Arial, Tahoma, Helvetica, sans-serif; font-size: medium; text-align: justify;\">ColonBene<\/strong><span style=\"font-family: Arial, Tahoma, Helvetica, sans-serif; font-size: medium; text-align: justify;\">&nbsp;nem\u00e1 \u017eiadne druhotn\u00e9 a nepriazniv\u00e9 \u00fa\u010dinky na \u013eudsk\u00fd organizmus.<\/span><\/p>\n<p><span style=\"font-family: Arial, Tahoma, Helvetica, sans-serif; font-size: medium; text-align: justify;\">Pre viac inform\u00e1ci\u00ed nav\u0161t\u00edvte <strong>www.colonbene.com<\/strong><\/span><\/p>\t\t\t\t\t\t\t\t<\/div>\n\t\t\t\t\t<\/div>\n\t\t\t\t<\/div>\n\t\t\t\t<\/div>\n\t\t","protected":false},"excerpt":{"rendered":"<p>Nie\u010do o \u00fa\u017easnom v\u00fd\u017eivovom doplnku ColonBene &nbsp; ColonBene&nbsp;je \u010disto pr\u00edrodn\u00fd posil\u0148uj\u00faci zdrav\u00fd n\u00e1poj, vyroben\u00fd zo z\u00e1saditej vody, iba z byl\u00edn, bez chemik\u00e1li\u00ed, bez pr\u00eddavn\u00fdch l\u00e1tok a bez konzervantov.&nbsp; &nbsp;Ve\u013emi vhodn\u00fd n\u00e1poj aj pre zdrav\u00fdch ako prevencia.&nbsp; &nbsp; &nbsp; &nbsp; &nbsp; &nbsp; &nbsp; &nbsp; &nbsp; &nbsp; &nbsp; &nbsp; &nbsp; &nbsp; &nbsp; &nbsp; &nbsp; &nbsp; &nbsp; &nbsp; [&hellip;]<\/p>\n","protected":false},"author":1,"featured_media":0,"parent":0,"menu_order":0,"comment_status":"closed","ping_status":"closed","template":"","meta":{"footnotes":""},"class_list":["post-160","page","type-page","status-publish","hentry"],"_links":{"self":[{"href":"https:\/\/travimespolu.sk\/index.php?rest_route=\/wp\/v2\/pages\/160","targetHints":{"allow":["GET"]}}],"collection":[{"href":"https:\/\/travimespolu.sk\/index.php?rest_route=\/wp\/v2\/pages"}],"about":[{"href":"https:\/\/travimespolu.sk\/index.php?rest_route=\/wp\/v2\/types\/page"}],"author":[{"embeddable":true,"href":"https:\/\/travimespolu.sk\/index.php?rest_route=\/wp\/v2\/users\/1"}],"replies":[{"embeddable":true,"href":"https:\/\/travimespolu.sk\/index.php?rest_route=%2Fwp%2Fv2%2Fcomments&post=160"}],"version-history":[{"count":21,"href":"https:\/\/travimespolu.sk\/index.php?rest_route=\/wp\/v2\/pages\/160\/revisions"}],"predecessor-version":[{"id":696,"href":"https:\/\/travimespolu.sk\/index.php?rest_route=\/wp\/v2\/pages\/160\/revisions\/696"}],"wp:attachment":[{"href":"https:\/\/travimespolu.sk\/index.php?rest_route=%2Fwp%2Fv2%2Fmedia&parent=160"}],"curies":[{"name":"wp","href":"https:\/\/api.w.org\/{rel}","templated":true}]}}